{"id":3,"date":"2023-03-22T14:35:48","date_gmt":"2023-03-22T13:35:48","guid":{"rendered":"http:\/\/hamoq.de\/?page_id=3"},"modified":"2023-08-01T11:55:40","modified_gmt":"2023-08-01T09:55:40","slug":"privacy-policy","status":"publish","type":"page","link":"https:\/\/hamoq.de\/?page_id=3","title":{"rendered":"Datenschutzerkl\u00e4rung"},"content":{"rendered":"\n<p style=\"font-size:16px\"><br>Der Websitebetreiber nimmt den Datenschutz sehr ernst und behandelt personenbezogene Daten entsprechend der gesetzlichen Vorschriften. Da durch neue Technologien und die st\u00e4ndige Weiterentwicklung dieser Webseite \u00c4nderungen an dieser Datenschutzerkl\u00e4rung vorgenommen werden k\u00f6nnen, empfehlen wir Ihnen sich die Datenschutzerkl\u00e4rung in regelm\u00e4\u00dfigen Abst\u00e4nden wieder durchzulesen. Definitionen der verwendeten Begriffe (z.B. &#8222;personenbezogene Daten&#8220; oder &#8222;Verarbeitung&#8220;) finden Sie in Art. 4 DSGVO.<br>Diese Datenschutzerkl\u00e4rung soll die Nutzer dieser Website \u00fcber die Art, den Umfang und den Zweck der Erhebung und Verwendung personenbezogener Daten informieren. Zweck der Website ist die reine Speicherung der Urlaubsbilder von unserer Familie. Es werden keine Daten von Besuchern (Nutzern) dieser Website erhoben oder verwendet, i.e. werden keine Kontaktformulare oder Kommentarfunktionen angeboten, die Website benutzt keine Cookies oder Analysetools, es wird kein Newsletter verschickt.<br>Der Seitenprovider erhebt aufgrund seines berechtigten Interesses (s. Art. 6 Abs. 1 lit. f. DSGVO) Daten \u00fcber Zugriffe auf die Website und speichern diese als \u201eServer-Logfiles&#8220; auf dem Server der Website ab. Folgende Daten werden so protokolliert: Besuchte Website, Uhrzeit zum Zeitpunkt des Zugriffes, Menge der gesendeten Daten in Byte, Quelle, von welcher Sie auf die Seite gelangten, verwendeter Browser, verwendetes Betriebssystem, verwendete IP-Adresse. Die Server-Logfiles werden die gesetzlich vorgeschriebene bzw. zul\u00e4ssige Zeit gespeichert und anschlie\u00dfend gel\u00f6scht. Die Speicherung der Daten erfolgt aus Sicherheitsgr\u00fcnden. M\u00fcssen Daten aus Beweisgr\u00fcnden aufgehoben werden, sind sie solange von der L\u00f6schung ausgenommen, bis der Vorfall endg\u00fcltig gekl\u00e4rt ist. Eine Zusammenf\u00fchrung dieser Daten mit anderen Datenquellen wird nicht vorgenommen.<br>Etwaige Vorratsdatenspeicherung nach gesetzlichen Vorgaben durch Telekommunikationsanbieter findet au\u00dferhalb des Verantwortungsbereichs des Betreibers dieser Website statt, der auf die entsprechenden Daten auch keinen Zugriff hat.<br><br>Der Inhalt dieser Website ist urheberrechtlich gesch\u00fctzt.<br>Die Speicherung und Vervielf\u00e4ltigung von Bildmaterial dieser Website ist nicht gestattet.<\/p>\n\n\n\n<p style=\"font-size:16px\">Verantwortlich: Peter G\u00f6ssel, \u00dcberseetor 20, 28217 Bremen, pe(at)goesselundpartner.de<\/p>\n","protected":false},"excerpt":{"rendered":"<p>Der Websitebetreiber nimmt den Datenschutz sehr ernst und behandelt personenbezogene Daten entsprechend der gesetzlichen Vorschriften. Da durch neue Technologien und die st\u00e4ndige Weiterentwicklung dieser Webseite \u00c4nderungen an dieser Datenschutzerkl\u00e4rung vorgenommen werden k\u00f6nnen, empfehlen wir Ihnen sich die Datenschutzerkl\u00e4rung in regelm\u00e4\u00dfigen Abst\u00e4nden wieder durchzulesen. Definitionen der verwendeten Begriffe (z.B. &#8222;personenbezogene Daten&#8220; oder &#8222;Verarbeitung&#8220;) finden Sie in&nbsp;&#8230;<\/p>\n","protected":false},"author":2,"featured_media":0,"parent":0,"menu_order":0,"comment_status":"closed","ping_status":"open","template":"","meta":{"footnotes":""},"class_list":["post-3","page","type-page","status-publish","hentry"],"_links":{"self":[{"href":"https:\/\/hamoq.de\/index.php?rest_route=\/wp\/v2\/pages\/3","targetHints":{"allow":["GET"]}}],"collection":[{"href":"https:\/\/hamoq.de\/index.php?rest_route=\/wp\/v2\/pages"}],"about":[{"href":"https:\/\/hamoq.de\/index.php?rest_route=\/wp\/v2\/types\/page"}],"author":[{"embeddable":true,"href":"https:\/\/hamoq.de\/index.php?rest_route=\/wp\/v2\/users\/2"}],"replies":[{"embeddable":true,"href":"https:\/\/hamoq.de\/index.php?rest_route=%2Fwp%2Fv2%2Fcomments&post=3"}],"version-history":[{"count":4,"href":"https:\/\/hamoq.de\/index.php?rest_route=\/wp\/v2\/pages\/3\/revisions"}],"predecessor-version":[{"id":1346,"href":"https:\/\/hamoq.de\/index.php?rest_route=\/wp\/v2\/pages\/3\/revisions\/1346"}],"wp:attachment":[{"href":"https:\/\/hamoq.de\/index.php?rest_route=%2Fwp%2Fv2%2Fmedia&parent=3"}],"curies":[{"name":"wp","href":"https:\/\/api.w.org\/{rel}","templated":true}]}}